{"id":1298,"date":"2023-11-28T17:44:37","date_gmt":"2023-11-28T21:44:37","guid":{"rendered":"https:\/\/copant.org\/?page_id=1298"},"modified":"2023-11-28T22:13:22","modified_gmt":"2023-11-29T02:13:22","slug":"publicaciones-de-iso-tmb","status":"publish","type":"page","link":"https:\/\/copant.org\/en\/publicaciones-de-iso-tmb\/","title":{"rendered":"Publicaciones de ISO\/TMB"},"content":{"rendered":"<h3><img decoding=\"async\" class=\"alignnone\" src=\"https:\/\/wp.copant.org\/wp-content\/uploads\/2021\/06\/1200px-ISO_Logo_Red_square.svg_-300x276.png\" sizes=\"(max-width: 300px) 100vw, 300px\" srcset=\"https:\/\/wp.copant.org\/wp-content\/uploads\/2021\/06\/1200px-ISO_Logo_Red_square.svg_-300x276.png 300w, https:\/\/wp.copant.org\/wp-content\/uploads\/2021\/06\/1200px-ISO_Logo_Red_square.svg_-1024x943.png 1024w, https:\/\/wp.copant.org\/wp-content\/uploads\/2021\/06\/1200px-ISO_Logo_Red_square.svg_-768x707.png 768w, https:\/\/wp.copant.org\/wp-content\/uploads\/2021\/06\/1200px-ISO_Logo_Red_square.svg_.png 1200w\" alt=\"\" width=\"92\" height=\"85\" \/><\/h3>\n<h3>ISO\/TMB (Technical Management Board)<\/h3>\n<h5>El Consejo de Administraci\u00f3n T\u00e9cnica de ISO (ISO\/TMB). Es el \u00f3rgano responsable, con autoridad delegada para la toma de decisiones, de la gesti\u00f3n general de la estructura de los comit\u00e9s t\u00e9cnicos (incluida la creaci\u00f3n, coordinaci\u00f3n y disoluci\u00f3n de los \u00f3rganos t\u00e9cnicos de ISO), la supervisi\u00f3n de sus actividades y el desarrollo y mantenimiento de las normas para el trabajo de los comit\u00e9s t\u00e9cnicos de ISO, es decir, las Directivas ISO\/IEC, Parte 1 &#8211; Suplemento ISO Consolidado &#8211; Procedimientos espec\u00edficos de ISO, versi\u00f3n 2017 (8\u00aa edici\u00f3n) y sus revisiones posteriores.<\/h5>\n\n\n<p>&#8212;&#8211;<\/p>\n\n\n<section class=\"medialist-embedded-section\"><div mediajqref=\"medialist-construct\" id=\"mlid-69e1e568dc0b2\"class=\"medialist ml-default\" data-instance=\"69e1e568dc0b2\" data-token=\"20\" data-paging=\"1\"><ul class=\"ml-ul-ml-default\" style=\"list-style-type:none;\"><li class=\"ml-li-ml-default\"><a class=\"ml-item-ml-default medialist-ml-default pdf\"href=\"https:\/\/copant.org\/wp-content\/uploads\/2023\/11\/ISO-TMB_TMB-Action-Plan-London-Declaration.pdf\"target=\"_blank\">ISO-TMB_TMB Action Plan (London Declaration) <span class=\"ml-details-ml-default\">pdf 124.2 KB<\/span><\/a><\/li><li class=\"ml-li-ml-default\"><a class=\"ml-item-ml-default medialist-ml-default pdf\"href=\"https:\/\/copant.org\/wp-content\/uploads\/2023\/11\/ISO-TMB_TMB-Action-Plan-London-Declaration-es-1.pdf\"target=\"_blank\">ISO-TMB_TMB Action Plan (London Declaration) es <span class=\"ml-details-ml-default\">pdf 439.6 KB<\/span><\/a><\/li><li class=\"ml-li-ml-default\"><a class=\"ml-item-ml-default medialist-ml-default pdf\"href=\"https:\/\/copant.org\/wp-content\/uploads\/2023\/11\/ISO-TMB_TMB-Communique_-Issue-Nr.-75-October-2023.pdf\"target=\"_blank\">ISO-TMB_TMB Communique_ Issue Nr. 75 (October 2023) <span class=\"ml-details-ml-default\">pdf 221.1 KB<\/span><\/a><\/li><li class=\"ml-li-ml-default\"><a class=\"ml-item-ml-default medialist-ml-default pdf\"href=\"https:\/\/copant.org\/wp-content\/uploads\/2023\/11\/ISO-TMB_TMB-Communique_-Issue-Nr.-75-October-2023-es-1.pdf\"target=\"_blank\">ISO-TMB_TMB Communique_ Issue Nr. 75 (October 2023) es <span class=\"ml-details-ml-default\">pdf 122 KB<\/span><\/a><\/li><li class=\"ml-li-ml-default\"><a class=\"ml-item-ml-default medialist-ml-default pdf\"href=\"https:\/\/copant.org\/wp-content\/uploads\/2023\/11\/ISO-TMB_TMB-Communique-Issue-Nr.-72-September-2022.pdf\"target=\"_blank\">ISO-TMB_TMB Communiqu\u00e9 Issue Nr. 72 (September 2022) <span class=\"ml-details-ml-default\">pdf 238.9 KB<\/span><\/a><\/li><li class=\"ml-li-ml-default\"><a class=\"ml-item-ml-default medialist-ml-default pdf\"href=\"https:\/\/copant.org\/wp-content\/uploads\/2023\/11\/ISO-TMB_TMB-Communique-Issue-Nr.-72-September-2022-es-1.pdf\"target=\"_blank\">ISO-TMB_TMB Communiqu\u00e9 Issue Nr. 72 (September 2022) es <span class=\"ml-details-ml-default\">pdf 934.5 KB<\/span><\/a><\/li><li class=\"ml-li-ml-default\"><a class=\"ml-item-ml-default medialist-ml-default pdf\"href=\"https:\/\/copant.org\/wp-content\/uploads\/2023\/11\/ISO-TMB_TMB-Communique-Issue-Nr.-73-March-2023.pdf\"target=\"_blank\">ISO-TMB_TMB Communiqu\u00e9 Issue Nr. 73 (March 2023) <span class=\"ml-details-ml-default\">pdf 245.3 KB<\/span><\/a><\/li><li class=\"ml-li-ml-default\"><a class=\"ml-item-ml-default medialist-ml-default pdf\"href=\"https:\/\/copant.org\/wp-content\/uploads\/2023\/11\/ISO-TMB_TMB-Communique-Issue-Nr.-73-March-2023-es-1.pdf\"target=\"_blank\">ISO-TMB_TMB Communiqu\u00e9 Issue Nr. 73 (March 2023) es <span class=\"ml-details-ml-default\">pdf 139.3 KB<\/span><\/a><\/li><li class=\"ml-li-ml-default\"><a class=\"ml-item-ml-default medialist-ml-default pdf\"href=\"https:\/\/copant.org\/wp-content\/uploads\/2023\/11\/ISO-TMB_TMB-Communique-Issue-Nr.-74-June-2023.pdf\"target=\"_blank\">ISO-TMB_TMB Communiqu\u00e9 Issue Nr. 74 (June 2023) <span class=\"ml-details-ml-default\">pdf 150.4 KB<\/span><\/a><\/li><li class=\"ml-li-ml-default\"><a class=\"ml-item-ml-default medialist-ml-default pdf\"href=\"https:\/\/copant.org\/wp-content\/uploads\/2023\/11\/ISO-TMB_TMB-Communique-Issue-Nr.-74-June-2023-es-1.pdf\"target=\"_blank\">ISO-TMB_TMB Communiqu\u00e9 Issue Nr. 74 (June 2023) es <span class=\"ml-details-ml-default\">pdf 152.3 KB<\/span><\/a><\/li><li class=\"ml-li-ml-default\"><a class=\"ml-item-ml-default medialist-ml-default pdf\"href=\"https:\/\/copant.org\/wp-content\/uploads\/2023\/11\/Overview-of-key-TMB-projects.pdf\"target=\"_blank\">Overview of key TMB projects <span class=\"ml-details-ml-default\">pdf 457.3 KB<\/span><\/a><\/li><li class=\"ml-li-ml-default\"><a class=\"ml-item-ml-default medialist-ml-default pdf\"href=\"https:\/\/copant.org\/wp-content\/uploads\/2023\/11\/Overview-of-key-TMB-projects-es-1.pdf\"target=\"_blank\">Overview of key TMB projects es <span class=\"ml-details-ml-default\">pdf 145.3 KB<\/span><\/a><\/li><\/ul><\/div><\/section>\n\n\n<ul data-count=\"12\" class=\"wp-block-gallery alignundefined columns-3 is-cropped\"><\/ul>\n\n\n<div class=\"wp-block-media-text is-stacked-on-mobile\"><figure class=\"wp-block-media-text__media\"><\/figure><div class=\"wp-block-media-text__content\">\n<p><\/p>\n<\/div><\/div>\n\n\n\n<p><\/p>","protected":false},"excerpt":{"rendered":"<p>Overview of key TMB projects es ISO\/TMB (Technical Management Board) El Consejo de Administraci\u00f3n T\u00e9cnica de ISO (ISO\/TMB). Es el \u00f3rgano responsable, con autoridad delegada para la toma de decisiones, de la gesti\u00f3n general de la estructura de los comit\u00e9s t\u00e9cnicos (incluida la creaci\u00f3n, coordinaci\u00f3n y disoluci\u00f3n de los \u00f3rganos t\u00e9cnicos de ISO), la supervisi\u00f3n [&hellip;]<\/p>\n","protected":false},"author":1,"featured_media":0,"parent":0,"menu_order":0,"comment_status":"closed","ping_status":"closed","template":"","meta":{"_bbp_topic_count":0,"_bbp_reply_count":0,"_bbp_total_topic_count":0,"_bbp_total_reply_count":0,"_bbp_voice_count":0,"_bbp_anonymous_reply_count":0,"_bbp_topic_count_hidden":0,"_bbp_reply_count_hidden":0,"_bbp_forum_subforum_count":0,"site-sidebar-layout":"default","site-content-layout":"default","ast-site-content-layout":"default","site-content-style":"default","site-sidebar-style":"default","ast-global-header-display":"","ast-banner-title-visibility":"","ast-main-header-display":"","ast-hfb-above-header-display":"","ast-hfb-below-header-display":"","ast-hfb-mobile-header-display":"","site-post-title":"","ast-breadcrumbs-content":"","ast-featured-img":"","footer-sml-layout":"","ast-disable-related-posts":"","theme-transparent-header-meta":"default","adv-header-id-meta":"","stick-header-meta":"","header-above-stick-meta":"","header-main-stick-meta":"","header-below-stick-meta":"","astra-migrate-meta-layouts":"set","ast-page-background-enabled":"default","ast-page-background-meta":{"desktop":{"background-color":"","background-image":"","background-repeat":"repeat","background-position":"center center","background-size":"auto","background-attachment":"scroll","background-type":"","background-media":"","overlay-type":"","overlay-color":"","overlay-opacity":"","overlay-gradient":""},"tablet":{"background-color":"","background-image":"","background-repeat":"repeat","background-position":"center center","background-size":"auto","background-attachment":"scroll","background-type":"","background-media":"","overlay-type":"","overlay-color":"","overlay-opacity":"","overlay-gradient":""},"mobile":{"background-color":"","background-image":"","background-repeat":"repeat","background-position":"center center","background-size":"auto","background-attachment":"scroll","background-type":"","background-media":"","overlay-type":"","overlay-color":"","overlay-opacity":"","overlay-gradient":""}},"ast-content-background-meta":{"desktop":{"background-color":"var(--ast-global-color-5)","background-image":"","background-repeat":"repeat","background-position":"center center","background-size":"auto","background-attachment":"scroll","background-type":"","background-media":"","overlay-type":"","overlay-color":"","overlay-opacity":"","overlay-gradient":""},"tablet":{"background-color":"var(--ast-global-color-5)","background-image":"","background-repeat":"repeat","background-position":"center center","background-size":"auto","background-attachment":"scroll","background-type":"","background-media":"","overlay-type":"","overlay-color":"","overlay-opacity":"","overlay-gradient":""},"mobile":{"background-color":"var(--ast-global-color-5)","background-image":"","background-repeat":"repeat","background-position":"center center","background-size":"auto","background-attachment":"scroll","background-type":"","background-media":"","overlay-type":"","overlay-color":"","overlay-opacity":"","overlay-gradient":""}},"footnotes":""},"categories":[35,1,34],"tags":[],"class_list":["post-1298","page","type-page","status-publish","hentry","category-documentos-publicaciones-iso-tmb","category-noticias","category-publicaciones-iso-tmb"],"_links":{"self":[{"href":"https:\/\/copant.org\/en\/wp-json\/wp\/v2\/pages\/1298","targetHints":{"allow":["GET"]}}],"collection":[{"href":"https:\/\/copant.org\/en\/wp-json\/wp\/v2\/pages"}],"about":[{"href":"https:\/\/copant.org\/en\/wp-json\/wp\/v2\/types\/page"}],"author":[{"embeddable":true,"href":"https:\/\/copant.org\/en\/wp-json\/wp\/v2\/users\/1"}],"replies":[{"embeddable":true,"href":"https:\/\/copant.org\/en\/wp-json\/wp\/v2\/comments?post=1298"}],"version-history":[{"count":33,"href":"https:\/\/copant.org\/en\/wp-json\/wp\/v2\/pages\/1298\/revisions"}],"predecessor-version":[{"id":1391,"href":"https:\/\/copant.org\/en\/wp-json\/wp\/v2\/pages\/1298\/revisions\/1391"}],"wp:attachment":[{"href":"https:\/\/copant.org\/en\/wp-json\/wp\/v2\/media?parent=1298"}],"wp:term":[{"taxonomy":"category","embeddable":true,"href":"https:\/\/copant.org\/en\/wp-json\/wp\/v2\/categories?post=1298"},{"taxonomy":"post_tag","embeddable":true,"href":"https:\/\/copant.org\/en\/wp-json\/wp\/v2\/tags?post=1298"}],"curies":[{"name":"wp","href":"https:\/\/api.w.org\/{rel}","templated":true}]}}