{"id":49,"date":"2021-05-18T16:00:35","date_gmt":"2021-05-18T16:00:35","guid":{"rendered":"https:\/\/wp.copant.org\/?page_id=49"},"modified":"2021-06-03T18:27:46","modified_gmt":"2021-06-03T18:27:46","slug":"copant","status":"publish","type":"page","link":"https:\/\/copant.org\/en\/copant\/","title":{"rendered":"COPANT"},"content":{"rendered":"<div data-elementor-type=\"wp-page\" data-elementor-id=\"49\" class=\"elementor elementor-49\">\n\t\t\t\t\t\t<section class=\"elementor-section elementor-top-section elementor-element elementor-element-2077c1ee elementor-section-content-middle elementor-section-boxed elementor-section-height-default elementor-section-height-default\" data-id=\"2077c1ee\" data-element_type=\"section\" data-e-type=\"section\" data-settings=\"{&quot;background_background&quot;:&quot;classic&quot;}\">\n\t\t\t\t\t\t<div class=\"elementor-container elementor-column-gap-no\">\n\t\t\t\t\t<div class=\"elementor-column elementor-col-100 elementor-top-column elementor-element elementor-element-11ad9af6\" data-id=\"11ad9af6\" data-element_type=\"column\" data-e-type=\"column\">\n\t\t\t<div class=\"elementor-widget-wrap elementor-element-populated\">\n\t\t\t\t\t\t<div class=\"elementor-element elementor-element-f4491bd elementor-widget elementor-widget-heading\" data-id=\"f4491bd\" data-element_type=\"widget\" data-e-type=\"widget\" id=\"cpnt2\" data-widget_type=\"heading.default\">\n\t\t\t\t<div class=\"elementor-widget-container\">\n\t\t\t\t\t<h4 class=\"elementor-heading-title elementor-size-default\">Nuestra historia<\/h4>\t\t\t\t<\/div>\n\t\t\t\t<\/div>\n\t\t\t\t<div class=\"elementor-element elementor-element-32205a0 elementor-widget elementor-widget-text-editor\" data-id=\"32205a0\" data-element_type=\"widget\" data-e-type=\"widget\" data-widget_type=\"text-editor.default\">\n\t\t\t\t<div class=\"elementor-widget-container\">\n\t\t\t\t\t\t\t\t\t<p><img fetchpriority=\"high\" decoding=\"async\" class=\"alignnone wp-image-18 size-large\" src=\"https:\/\/wp.copant.org\/wp-content\/uploads\/2021\/05\/Icontec-1-digital-1-1024x331.jpg\" alt=\"\" width=\"1024\" height=\"331\" srcset=\"https:\/\/copant.org\/wp-content\/uploads\/2021\/05\/Icontec-1-digital-1-1024x331.jpg 1024w, https:\/\/copant.org\/wp-content\/uploads\/2021\/05\/Icontec-1-digital-1-300x97.jpg 300w, https:\/\/copant.org\/wp-content\/uploads\/2021\/05\/Icontec-1-digital-1-768x248.jpg 768w, https:\/\/copant.org\/wp-content\/uploads\/2021\/05\/Icontec-1-digital-1-1536x496.jpg 1536w, https:\/\/copant.org\/wp-content\/uploads\/2021\/05\/Icontec-1-digital-1.jpg 1644w\" sizes=\"(max-width: 1024px) 100vw, 1024px\" \/><\/p>\t\t\t\t\t\t\t\t<\/div>\n\t\t\t\t<\/div>\n\t\t\t\t<section class=\"elementor-section elementor-inner-section elementor-element elementor-element-50a8547e elementor-section-content-middle elementor-section-boxed elementor-section-height-default elementor-section-height-default\" data-id=\"50a8547e\" data-element_type=\"section\" data-e-type=\"section\">\n\t\t\t\t\t\t<div class=\"elementor-container elementor-column-gap-no\">\n\t\t\t\t\t<div class=\"elementor-column elementor-col-100 elementor-inner-column elementor-element elementor-element-2aa9dbc\" data-id=\"2aa9dbc\" data-element_type=\"column\" data-e-type=\"column\">\n\t\t\t<div class=\"elementor-widget-wrap elementor-element-populated\">\n\t\t\t\t\t\t<div class=\"elementor-element elementor-element-134cb2d8 elementor-widget elementor-widget-text-editor\" data-id=\"134cb2d8\" data-element_type=\"widget\" data-e-type=\"widget\" data-widget_type=\"text-editor.default\">\n\t\t\t\t<div class=\"elementor-widget-container\">\n\t\t\t\t\t\t\t\t\t<div class=\"module-body\"><div class=\"custom\"><p style=\"text-align: center; padding-left: 40px;\">El 12 de julio de 1949, en la ciudad de Sao Paulo, Brasil, en la sede del Instituto de Ingenier\u00eda, se fund\u00f3 el Comit\u00e9 Panamericano de Normas T\u00e9cnicas, CPANT.<\/p><p style=\"text-align: left; padding-left: 40px;\">A partir de la reuni\u00f3n de la Asamblea realizada en la ciudad de Montevideo, Uruguay del 24 al 27 de Abril de 1961, se inicia la labor del Comit\u00e9.<\/p><p style=\"padding-left: 40px;\">En dicha Asamblea se constituy\u00f3 el Consejo de CPANT, presidido por el lng. Alberto Sinay Neves de ABNT (Brasil), siendo Vicepresidente el lng. J.R. Townsend de ASA (EEUU), Tesorero el lng. Juan P. Molfino de UNIT (Uruguay) y Vocal el lng. Carlos Hoerning de INDITECNOR (Chile).<\/p><p style=\"padding-left: 40px;\">En su primera reuni\u00f3n, el 27 de abril, el Consejo design\u00f3 como Secretaria General a la Ing. Beatriz Ghirelli de Ciaburri, quien se transform\u00f3 desde ese momento en el nervio motor de CPANT.<\/p><p style=\"padding-left: 40px;\">En Nueva York, en 1964, la Asamblea General del Comit\u00e9 Panamericano, cambia su denominaci\u00f3n a la de COMISION PANAMERICANA DE NORMAS TECNICAS, bajo el t\u00edtulo abreviado de COPANT.<\/p><\/div><\/div>\t\t\t\t\t\t\t\t<\/div>\n\t\t\t\t<\/div>\n\t\t\t\t\t<\/div>\n\t\t<\/div>\n\t\t\t\t\t<\/div>\n\t\t<\/section>\n\t\t\t\t\t<\/div>\n\t\t<\/div>\n\t\t\t\t\t<\/div>\n\t\t<\/section>\n\t\t\t\t<section class=\"elementor-section elementor-top-section elementor-element elementor-element-47e6777b elementor-section-content-middle elementor-section-boxed elementor-section-height-default elementor-section-height-default\" data-id=\"47e6777b\" data-element_type=\"section\" data-e-type=\"section\" data-settings=\"{&quot;background_background&quot;:&quot;classic&quot;}\">\n\t\t\t\t\t\t<div class=\"elementor-container elementor-column-gap-no\">\n\t\t\t\t\t<div class=\"elementor-column elementor-col-100 elementor-top-column elementor-element elementor-element-6259f879\" data-id=\"6259f879\" data-element_type=\"column\" data-e-type=\"column\">\n\t\t\t<div class=\"elementor-widget-wrap elementor-element-populated\">\n\t\t\t\t\t\t<div class=\"elementor-element elementor-element-b8b42c5 elementor-widget elementor-widget-heading\" data-id=\"b8b42c5\" data-element_type=\"widget\" data-e-type=\"widget\" data-widget_type=\"heading.default\">\n\t\t\t\t<div class=\"elementor-widget-container\">\n\t\t\t\t\t<h4 class=\"elementor-heading-title elementor-size-default\">Acuerdos y Convenios<\/h4>\t\t\t\t<\/div>\n\t\t\t\t<\/div>\n\t\t\t\t<section class=\"elementor-section elementor-inner-section elementor-element elementor-element-3bfd4876 elementor-section-boxed elementor-section-height-default elementor-section-height-default\" data-id=\"3bfd4876\" data-element_type=\"section\" data-e-type=\"section\">\n\t\t\t\t\t\t<div class=\"elementor-container elementor-column-gap-wider\">\n\t\t\t\t\t<div class=\"elementor-column elementor-col-33 elementor-inner-column elementor-element elementor-element-384ea86e\" data-id=\"384ea86e\" data-element_type=\"column\" data-e-type=\"column\">\n\t\t\t<div class=\"elementor-widget-wrap elementor-element-populated\">\n\t\t\t\t\t\t<div class=\"elementor-element elementor-element-6d577ad7 elementor-widget elementor-widget-heading\" data-id=\"6d577ad7\" data-element_type=\"widget\" data-e-type=\"widget\" data-widget_type=\"heading.default\">\n\t\t\t\t<div class=\"elementor-widget-container\">\n\t\t\t\t\t<h6 class=\"elementor-heading-title elementor-size-default\"><strong>CROSQ (2015)<\/strong><\/h6>\t\t\t\t<\/div>\n\t\t\t\t<\/div>\n\t\t\t\t<div class=\"elementor-element elementor-element-946cf8e elementor-widget elementor-widget-text-editor\" data-id=\"946cf8e\" data-element_type=\"widget\" data-e-type=\"widget\" data-widget_type=\"text-editor.default\">\n\t\t\t\t<div class=\"elementor-widget-container\">\n\t\t\t\t\t\t\t\t\t<p>Objetivo:<\/p><p>Cooperaci\u00f3n en temas y proyectos que abarquen la normalizaci\u00f3n, la evaluaci\u00f3n de la conformidad y el intercambio mutuo de informaci\u00f3n y publicaciones entre las dos organizaciones. Los ambitos de cooperaci\u00f3n incluyen el intercambio de informaci\u00f3n e intercambio de opiniones y buenas practicas. \u00a0 \u00a0<\/p>\t\t\t\t\t\t\t\t<\/div>\n\t\t\t\t<\/div>\n\t\t\t\t\t<\/div>\n\t\t<\/div>\n\t\t\t\t<div class=\"elementor-column elementor-col-33 elementor-inner-column elementor-element elementor-element-7ddf52ec\" data-id=\"7ddf52ec\" data-element_type=\"column\" data-e-type=\"column\">\n\t\t\t<div class=\"elementor-widget-wrap elementor-element-populated\">\n\t\t\t\t\t\t<div class=\"elementor-element elementor-element-78bb54f4 elementor-widget elementor-widget-heading\" data-id=\"78bb54f4\" data-element_type=\"widget\" data-e-type=\"widget\" data-widget_type=\"heading.default\">\n\t\t\t\t<div class=\"elementor-widget-container\">\n\t\t\t\t\t<h6 class=\"elementor-heading-title elementor-size-default\">AENOR (2014)<\/h6>\t\t\t\t<\/div>\n\t\t\t\t<\/div>\n\t\t\t\t<div class=\"elementor-element elementor-element-63114f0 elementor-widget elementor-widget-text-editor\" data-id=\"63114f0\" data-element_type=\"widget\" data-e-type=\"widget\" data-widget_type=\"text-editor.default\">\n\t\t\t\t<div class=\"elementor-widget-container\">\n\t\t\t\t\t\t\t\t\t<p>Objetivo:<\/p><p>Promover la normalizaci\u00f3n internacional y regional por intermedio del intercambio de normas, posibilitando a los pa\u00edses de las Am\u00e9ricas el desarrollo y armonizaci\u00f3n de sus normas, asi como trabajos para el mejor desarrollo de las redes inteligentes y energias renovables en la Regi\u00f3n.<\/p>\t\t\t\t\t\t\t\t<\/div>\n\t\t\t\t<\/div>\n\t\t\t\t\t<\/div>\n\t\t<\/div>\n\t\t\t\t<div class=\"elementor-column elementor-col-33 elementor-inner-column elementor-element elementor-element-ddedef4\" data-id=\"ddedef4\" data-element_type=\"column\" data-e-type=\"column\">\n\t\t\t<div class=\"elementor-widget-wrap elementor-element-populated\">\n\t\t\t\t\t\t<div class=\"elementor-element elementor-element-9ebd01e elementor-widget elementor-widget-heading\" data-id=\"9ebd01e\" data-element_type=\"widget\" data-e-type=\"widget\" data-widget_type=\"heading.default\">\n\t\t\t\t<div class=\"elementor-widget-container\">\n\t\t\t\t\t<h6 class=\"elementor-heading-title elementor-size-default\">FINCA (2014)<\/h6>\t\t\t\t<\/div>\n\t\t\t\t<\/div>\n\t\t\t\t<div class=\"elementor-element elementor-element-6b0e556e elementor-widget elementor-widget-text-editor\" data-id=\"6b0e556e\" data-element_type=\"widget\" data-e-type=\"widget\" data-widget_type=\"text-editor.default\">\n\t\t\t\t<div class=\"elementor-widget-container\">\n\t\t\t\t\t\t\t\t\t<p>Objetivo:<\/p><p>Establecer una relaci\u00f3n formal entre la Comisi\u00f3n Panamericana de Normas T\u00e9cnicas, COPANT, y el Foro de los Comit\u00e9s Nacionales de IEC de las Am\u00e9ricas, FINCA.<\/p>\t\t\t\t\t\t\t\t<\/div>\n\t\t\t\t<\/div>\n\t\t\t\t\t<\/div>\n\t\t<\/div>\n\t\t\t\t\t<\/div>\n\t\t<\/section>\n\t\t\t\t<section class=\"elementor-section elementor-inner-section elementor-element elementor-element-fd41cf7 elementor-section-boxed elementor-section-height-default elementor-section-height-default\" data-id=\"fd41cf7\" data-element_type=\"section\" data-e-type=\"section\">\n\t\t\t\t\t\t<div class=\"elementor-container elementor-column-gap-wider\">\n\t\t\t\t\t<div class=\"elementor-column elementor-col-33 elementor-inner-column elementor-element elementor-element-67ae5a41\" data-id=\"67ae5a41\" data-element_type=\"column\" data-e-type=\"column\">\n\t\t\t<div class=\"elementor-widget-wrap elementor-element-populated\">\n\t\t\t\t\t\t<div class=\"elementor-element elementor-element-49863d57 elementor-widget elementor-widget-heading\" data-id=\"49863d57\" data-element_type=\"widget\" data-e-type=\"widget\" data-widget_type=\"heading.default\">\n\t\t\t\t<div class=\"elementor-widget-container\">\n\t\t\t\t\t<h6 class=\"elementor-heading-title elementor-size-default\">AFNOR (2013)<\/h6>\t\t\t\t<\/div>\n\t\t\t\t<\/div>\n\t\t\t\t<div class=\"elementor-element elementor-element-1352bde elementor-widget elementor-widget-text-editor\" data-id=\"1352bde\" data-element_type=\"widget\" data-e-type=\"widget\" data-widget_type=\"text-editor.default\">\n\t\t\t\t<div class=\"elementor-widget-container\">\n\t\t\t\t\t\t\t\t\t<p><br \/>Objetivo:<\/p><p>Intercambiar puntos de vista sobre las actividades, operaciones y programas de trabajo de los distintos organismos de normalizaci\u00f3n internacionales y regionales. Cooperar en el campo de la normalizaci\u00f3n en el marco de las organizaciones internacionales de normalizaci\u00f3n.<\/p>\t\t\t\t\t\t\t\t<\/div>\n\t\t\t\t<\/div>\n\t\t\t\t\t<\/div>\n\t\t<\/div>\n\t\t\t\t<div class=\"elementor-column elementor-col-33 elementor-inner-column elementor-element elementor-element-622d654f\" data-id=\"622d654f\" data-element_type=\"column\" data-e-type=\"column\">\n\t\t\t<div class=\"elementor-widget-wrap elementor-element-populated\">\n\t\t\t\t\t\t<div class=\"elementor-element elementor-element-5264a61d elementor-widget elementor-widget-heading\" data-id=\"5264a61d\" data-element_type=\"widget\" data-e-type=\"widget\" data-widget_type=\"heading.default\">\n\t\t\t\t<div class=\"elementor-widget-container\">\n\t\t\t\t\t<h6 class=\"elementor-heading-title elementor-size-default\">KATS (2013)<\/h6>\t\t\t\t<\/div>\n\t\t\t\t<\/div>\n\t\t\t\t<div class=\"elementor-element elementor-element-1ed45071 elementor-widget elementor-widget-text-editor\" data-id=\"1ed45071\" data-element_type=\"widget\" data-e-type=\"widget\" data-widget_type=\"text-editor.default\">\n\t\t\t\t<div class=\"elementor-widget-container\">\n\t\t\t\t\t\t\t\t\t<p id=\"aui-3-1-1-1197\">Objetivo:<\/p><p>Establecer un marco de cooperaci\u00f3n formal\u00a0con miras a la promoci\u00f3n de las actividades de normalizaci\u00f3n dentro de la regi\u00f3n.<\/p>\t\t\t\t\t\t\t\t<\/div>\n\t\t\t\t<\/div>\n\t\t\t\t\t<\/div>\n\t\t<\/div>\n\t\t\t\t<div class=\"elementor-column elementor-col-33 elementor-inner-column elementor-element elementor-element-4b6507f7\" data-id=\"4b6507f7\" data-element_type=\"column\" data-e-type=\"column\">\n\t\t\t<div class=\"elementor-widget-wrap elementor-element-populated\">\n\t\t\t\t\t\t<div class=\"elementor-element elementor-element-2f85708e elementor-widget elementor-widget-heading\" data-id=\"2f85708e\" data-element_type=\"widget\" data-e-type=\"widget\" data-widget_type=\"heading.default\">\n\t\t\t\t<div class=\"elementor-widget-container\">\n\t\t\t\t\t<h6 class=\"elementor-heading-title elementor-size-default\">ISO (2012)<\/h6>\t\t\t\t<\/div>\n\t\t\t\t<\/div>\n\t\t\t\t<div class=\"elementor-element elementor-element-e8260e8 elementor-widget elementor-widget-text-editor\" data-id=\"e8260e8\" data-element_type=\"widget\" data-e-type=\"widget\" data-widget_type=\"text-editor.default\">\n\t\t\t\t<div class=\"elementor-widget-container\">\n\t\t\t\t\t\t\t\t\t<p>Objetivo:<\/p><p>Promocionar la normalizaci\u00f3n internacional en la regi\u00f3n.Aumentar la participaci\u00f3n de los pa\u00edses de la regi\u00f3n en la ISO.<\/p>\t\t\t\t\t\t\t\t<\/div>\n\t\t\t\t<\/div>\n\t\t\t\t\t<\/div>\n\t\t<\/div>\n\t\t\t\t\t<\/div>\n\t\t<\/section>\n\t\t\t\t\t<\/div>\n\t\t<\/div>\n\t\t\t\t\t<\/div>\n\t\t<\/section>\n\t\t\t\t<\/div>","protected":false},"excerpt":{"rendered":"<p>Nuestra historia El 12 de julio de 1949, en la ciudad de Sao Paulo, Brasil, en la sede del Instituto de Ingenier\u00eda, se fund\u00f3 el Comit\u00e9 Panamericano de Normas T\u00e9cnicas, CPANT. A partir de la reuni\u00f3n de la Asamblea realizada en la ciudad de Montevideo, Uruguay del 24 al 27 de Abril de 1961, se [&hellip;]<\/p>\n","protected":false},"author":1,"featured_media":0,"parent":0,"menu_order":0,"comment_status":"closed","ping_status":"closed","template":"","meta":{"_bbp_topic_count":0,"_bbp_reply_count":0,"_bbp_total_topic_count":0,"_bbp_total_reply_count":0,"_bbp_voice_count":0,"_bbp_anonymous_reply_count":0,"_bbp_topic_count_hidden":0,"_bbp_reply_count_hidden":0,"_bbp_forum_subforum_count":0,"site-sidebar-layout":"no-sidebar","site-content-layout":"page-builder","ast-site-content-layout":"default","site-content-style":"default","site-sidebar-style":"default","ast-global-header-display":"","ast-banner-title-visibility":"","ast-main-header-display":"","ast-hfb-above-header-display":"","ast-hfb-below-header-display":"","ast-hfb-mobile-header-display":"","site-post-title":"disabled","ast-breadcrumbs-content":"","ast-featured-img":"disabled","footer-sml-layout":"","ast-disable-related-posts":"","theme-transparent-header-meta":"","adv-header-id-meta":"","stick-header-meta":"","header-above-stick-meta":"","header-main-stick-meta":"","header-below-stick-meta":"","astra-migrate-meta-layouts":"default","ast-page-background-enabled":"default","ast-page-background-meta":{"desktop":{"background-color":"","background-image":"","background-repeat":"repeat","background-position":"center center","background-size":"auto","background-attachment":"scroll","background-type":"","background-media":"","overlay-type":"","overlay-color":"","overlay-opacity":"","overlay-gradient":""},"tablet":{"background-color":"","background-image":"","background-repeat":"repeat","background-position":"center center","background-size":"auto","background-attachment":"scroll","background-type":"","background-media":"","overlay-type":"","overlay-color":"","overlay-opacity":"","overlay-gradient":""},"mobile":{"background-color":"","background-image":"","background-repeat":"repeat","background-position":"center center","background-size":"auto","background-attachment":"scroll","background-type":"","background-media":"","overlay-type":"","overlay-color":"","overlay-opacity":"","overlay-gradient":""}},"ast-content-background-meta":{"desktop":{"background-color":"var(--ast-global-color-5)","background-image":"","background-repeat":"repeat","background-position":"center center","background-size":"auto","background-attachment":"scroll","background-type":"","background-media":"","overlay-type":"","overlay-color":"","overlay-opacity":"","overlay-gradient":""},"tablet":{"background-color":"var(--ast-global-color-5)","background-image":"","background-repeat":"repeat","background-position":"center center","background-size":"auto","background-attachment":"scroll","background-type":"","background-media":"","overlay-type":"","overlay-color":"","overlay-opacity":"","overlay-gradient":""},"mobile":{"background-color":"var(--ast-global-color-5)","background-image":"","background-repeat":"repeat","background-position":"center center","background-size":"auto","background-attachment":"scroll","background-type":"","background-media":"","overlay-type":"","overlay-color":"","overlay-opacity":"","overlay-gradient":""}},"footnotes":""},"categories":[],"tags":[],"class_list":["post-49","page","type-page","status-publish","hentry"],"_links":{"self":[{"href":"https:\/\/copant.org\/en\/wp-json\/wp\/v2\/pages\/49","targetHints":{"allow":["GET"]}}],"collection":[{"href":"https:\/\/copant.org\/en\/wp-json\/wp\/v2\/pages"}],"about":[{"href":"https:\/\/copant.org\/en\/wp-json\/wp\/v2\/types\/page"}],"author":[{"embeddable":true,"href":"https:\/\/copant.org\/en\/wp-json\/wp\/v2\/users\/1"}],"replies":[{"embeddable":true,"href":"https:\/\/copant.org\/en\/wp-json\/wp\/v2\/comments?post=49"}],"version-history":[{"count":76,"href":"https:\/\/copant.org\/en\/wp-json\/wp\/v2\/pages\/49\/revisions"}],"predecessor-version":[{"id":250,"href":"https:\/\/copant.org\/en\/wp-json\/wp\/v2\/pages\/49\/revisions\/250"}],"wp:attachment":[{"href":"https:\/\/copant.org\/en\/wp-json\/wp\/v2\/media?parent=49"}],"wp:term":[{"taxonomy":"category","embeddable":true,"href":"https:\/\/copant.org\/en\/wp-json\/wp\/v2\/categories?post=49"},{"taxonomy":"post_tag","embeddable":true,"href":"https:\/\/copant.org\/en\/wp-json\/wp\/v2\/tags?post=49"}],"curies":[{"name":"wp","href":"https:\/\/api.w.org\/{rel}","templated":true}]}}